

{"id":343152,"date":"2023-07-24T11:28:10","date_gmt":"2023-07-24T11:28:10","guid":{"rendered":"https:\/\/www.timmpi.com\/?post_type=product&#038;p=343152"},"modified":"2024-08-06T12:55:17","modified_gmt":"2024-08-06T12:55:17","slug":"woojer-version-live-series-3-l-lexperience-immersive-360","status":"publish","type":"product","link":"https:\/\/www.timmpi.com\/fr\/shop\/immersive-live\/woojer-version-live-series-3-l-lexperience-immersive-360\/","title":{"rendered":"Woojer version Live Series 3 l L\u2019exp\u00e9rience immersive 360\u00b0"},"content":{"rendered":"<p>\u00ab Live \u00bb d\u00e9signe un dispositif de r\u00e9ception radio fr\u00e9quence UHF embarqu\u00e9 de nouvelle g\u00e9n\u00e9ration, qui permet une connectivit\u00e9 s\u00e9curis\u00e9e <br \/>\nContr\u00f4le unifi\u00e9 des vibrations et du volume et gestion professionnelle de la dur\u00e9e de vie de la batterie.<\/p>\n<p>R\u00e9cepteur UHF-ILR1\u00a0:<br \/>\n\u2013 3 canaux possibles.<br \/>\n\u2013 Distance maximale 1 km sph\u00e9rique.<br \/>\n&#8211; N\u00e9cessite un \u00e9metteur UHF <a href=\"https:\/\/www.timmpi.com\/fr\/shop\/immersive-live\/transmetteur-uhf-ilt1\/\" rel=\"noopener\" target=\"_blank\">ILT1<\/a><\/p>\n<p>\nCaract\u00e9ristiques des batteries Lion Polym\u00e8re incorpor\u00e9es dans les r\u00e9cepteurs UHF :<br \/>\n&#8211; Tension nominale\u00a0: 3,7 V<br \/>\n&#8211; Capacit\u00e9 nominale : 300 mAh<br \/>\n&#8211; \u00c9nergie nominale\u00a0: 1,11 Wh<\/p>\n<p>Caract\u00e9ristiques de l&rsquo;\u00e9metteur UHF : <br \/>\n&#8211; Adaptateur d&rsquo;alimentation : 12 V CC<br \/>\n&#8211; Puissance de sortie : 20 mW<br \/>\n&#8211; Puissance d&rsquo;\u00e9mission, faible : 20 dBm<br \/>\n&#8211; Puissance de transmission \u00e9lev\u00e9e : 30 dBm<br \/>\n&#8211; 2kgs (transmetteur + 2 c\u00e2bles Xlr\/Xlr)<br \/>\n<\/p>\n<p>Gilet pr\u00e9par\u00e9 pour un usage intensif et une exp\u00e9rience musicale ad\u00e9quate :<br \/>\n\u2013 6 transducteurs haptiques brevet\u00e9s Osci\u2122 TRX2, puissants, pr\u00e9cis, polyphoniques et silencieux, int\u00e9gr\u00e9s dans chaque veste.<br \/>\n\u2013 Bande de fr\u00e9quence : 1 Hz -> 250 Hz.<br \/>\n\u2013 Gamme de fr\u00e9quences E1-250Hz.<br \/>\n\u2013 Modes multicanal*, surround 7.1**** et st\u00e9r\u00e9o.<br \/>\n\u2013 Contr\u00f4le DSP avanc\u00e9.<br \/>\n\u2013 Points de vibration st\u00e9r\u00e9o : 2 c\u00f4t\u00e9s, 2 avant, 2 arri\u00e8re.<br \/>\n\u2013 Amplificateur casque filaire.<br \/>\n\u2013 Jusqu&rsquo;\u00e0 8 heures d&rsquo;autonomie avec une seule charge.<br \/>\n\u2013 Tissus respirants, l\u00e9gers et de haute qualit\u00e9.<br \/>\n\u2013 Taille unique.<br \/>\n\u2013 2 kgs (Woojer + r\u00e9cepteur).<br \/>\n\u2013 Bretelles r\u00e9glables<br \/>\n\u2013 Taille unique.<\/p>\n<p>&#8211; Caract\u00e9ristiques de la batterie Lion contenu dans le Woojer : 14,4V \/ 3350mAh (48,24Wh).<\/p>\n<a class=\"nectar-button n-sc-button medium accent-color regular-button\" target=\"_blank\" href=\"https:\/\/www.timmpi.com\/fr\/immersive-live\" data-color-override=\"#27ccc0\" data-hover-color-override=\"false\" data-hover-text-color-override=\"#fff\"><span>Plus d'informations<\/span><\/a>\n","protected":false},"excerpt":{"rendered":"<p>\u201cLive\u201d indique un dispositif de r\u00e9ception par radio fr\u00e9quences UHF embarqu\u00e9 nouvelle g\u00e9n\u00e9ration, une connectique s\u00e9curis\u00e9e permettant uncontr\u00f4le des vibrations et du volume unifi\u00e9 et une gestion de l\u2019autonomie professionnelle.<\/p>\n","protected":false},"featured_media":343264,"comment_status":"open","ping_status":"closed","template":"","meta":{"inline_featured_image":false},"product_brand":[],"product_cat":[449],"product_tag":[],"class_list":{"0":"post-343152","1":"product","2":"type-product","3":"status-publish","4":"has-post-thumbnail","6":"product_cat-immersive-live","8":"first","9":"instock","10":"taxable","11":"shipping-taxable","12":"product-type-simple"},"yoast_head":"<!-- This site is optimized with the Yoast SEO Premium plugin v23.1 (Yoast SEO v24.7) - https:\/\/yoast.com\/wordpress\/plugins\/seo\/ -->\n<title>Woojer version Live Series 3 l L\u2019exp\u00e9rience immersive 360\u00b0<\/title>\n<meta name=\"description\" content=\"\u201cLive\u201d indique un dispositif de r\u00e9ception par radio fr\u00e9quences UHF embarqu\u00e9 nouvelle g\u00e9n\u00e9ration, une connectique s\u00e9curis\u00e9e permettant uncontr\u00f4le des vibrations et du volume unifi\u00e9 et une gestion de l\u2019autonomie professionnelle.\" \/>\n<meta name=\"robots\" content=\"index, follow, max-snippet:-1, max-image-preview:large, max-video-preview:-1\" \/>\n<link rel=\"canonical\" href=\"https:\/\/www.timmpi.com\/fr\/shop\/immersive-live\/woojer-version-live-series-3-l-lexperience-immersive-360\/\" \/>\n<meta property=\"og:locale\" content=\"fr_FR\" \/>\n<meta property=\"og:type\" content=\"article\" \/>\n<meta property=\"og:title\" content=\"Woojer version Live Series 3 l L\u2019exp\u00e9rience immersive 360\u00b0\" \/>\n<meta property=\"og:description\" content=\"\u201cLive\u201d indique un dispositif de r\u00e9ception par radio fr\u00e9quences UHF embarqu\u00e9 nouvelle g\u00e9n\u00e9ration, une connectique s\u00e9curis\u00e9e permettant uncontr\u00f4le des vibrations et du volume unifi\u00e9 et une gestion de l\u2019autonomie professionnelle.\" \/>\n<meta property=\"og:url\" content=\"https:\/\/www.timmpi.com\/fr\/shop\/immersive-live\/woojer-version-live-series-3-l-lexperience-immersive-360\/\" \/>\n<meta property=\"og:site_name\" content=\"TiMMPi\" \/>\n<meta property=\"article:publisher\" content=\"http:\/\/www.facebook.com\/timmpiofficial\" \/>\n<meta property=\"article:modified_time\" content=\"2024-08-06T12:55:17+00:00\" \/>\n<meta property=\"og:image\" content=\"https:\/\/www.timmpi.com\/wp-content\/uploads\/Woojer-Vest-3-V1-1.png\" \/>\n\t<meta property=\"og:image:width\" content=\"1920\" \/>\n\t<meta property=\"og:image:height\" content=\"1920\" \/>\n\t<meta property=\"og:image:type\" content=\"image\/png\" \/>\n<meta name=\"twitter:card\" content=\"summary_large_image\" \/>\n<meta name=\"twitter:site\" content=\"@timmpi\" \/>\n<meta name=\"twitter:label1\" content=\"Prix\" \/>\n\t<meta name=\"twitter:data1\" content=\"\" \/>\n\t<meta name=\"twitter:label2\" content=\"Disponibilit\u00e9\" \/>\n\t<meta name=\"twitter:data2\" content=\"En stock\" \/>\n<script type=\"application\/ld+json\" class=\"yoast-schema-graph\">{\"@context\":\"https:\/\/schema.org\",\"@graph\":[{\"@type\":\"WebPage\",\"@id\":\"https:\/\/www.timmpi.com\/fr\/shop\/immersive-live\/woojer-version-live-series-3-l-lexperience-immersive-360\/\",\"url\":\"https:\/\/www.timmpi.com\/fr\/shop\/immersive-live\/woojer-version-live-series-3-l-lexperience-immersive-360\/\",\"name\":\"Woojer version Live Series 3 l L\u2019exp\u00e9rience immersive 360\u00b0\",\"isPartOf\":{\"@id\":\"https:\/\/www.timmpi.com\/fr\/#website\"},\"primaryImageOfPage\":{\"@id\":\"https:\/\/www.timmpi.com\/fr\/shop\/immersive-live\/woojer-version-live-series-3-l-lexperience-immersive-360\/#primaryimage\"},\"image\":{\"@id\":\"https:\/\/www.timmpi.com\/fr\/shop\/immersive-live\/woojer-version-live-series-3-l-lexperience-immersive-360\/#primaryimage\"},\"thumbnailUrl\":\"https:\/\/www.timmpi.com\/wp-content\/uploads\/Woojer-Vest-3-V1-1.png\",\"datePublished\":\"2023-07-24T11:28:10+00:00\",\"dateModified\":\"2024-08-06T12:55:17+00:00\",\"description\":\"\u201cLive\u201d indique un dispositif de r\u00e9ception par radio fr\u00e9quences UHF embarqu\u00e9 nouvelle g\u00e9n\u00e9ration, une connectique s\u00e9curis\u00e9e permettant uncontr\u00f4le des vibrations et du volume unifi\u00e9 et une gestion de l\u2019autonomie professionnelle.\",\"breadcrumb\":{\"@id\":\"https:\/\/www.timmpi.com\/fr\/shop\/immersive-live\/woojer-version-live-series-3-l-lexperience-immersive-360\/#breadcrumb\"},\"inLanguage\":\"fr-FR\",\"potentialAction\":[{\"@type\":\"ReadAction\",\"target\":[\"https:\/\/www.timmpi.com\/fr\/shop\/immersive-live\/woojer-version-live-series-3-l-lexperience-immersive-360\/\"]}]},{\"@type\":\"ImageObject\",\"inLanguage\":\"fr-FR\",\"@id\":\"https:\/\/www.timmpi.com\/fr\/shop\/immersive-live\/woojer-version-live-series-3-l-lexperience-immersive-360\/#primaryimage\",\"url\":\"https:\/\/www.timmpi.com\/wp-content\/uploads\/Woojer-Vest-3-V1-1.png\",\"contentUrl\":\"https:\/\/www.timmpi.com\/wp-content\/uploads\/Woojer-Vest-3-V1-1.png\",\"width\":1920,\"height\":1920},{\"@type\":\"BreadcrumbList\",\"@id\":\"https:\/\/www.timmpi.com\/fr\/shop\/immersive-live\/woojer-version-live-series-3-l-lexperience-immersive-360\/#breadcrumb\",\"itemListElement\":[{\"@type\":\"ListItem\",\"position\":1,\"name\":\"Home\",\"item\":\"https:\/\/www.timmpi.com\/fr\/\"},{\"@type\":\"ListItem\",\"position\":2,\"name\":\"Ouvrir la voie \u00e0 une nouvelle exp\u00e9rience sonore plus immersive et inclusive\",\"item\":\"https:\/\/www.timmpi.com\/fr\/shop\/\"},{\"@type\":\"ListItem\",\"position\":3,\"name\":\"Immersive Live\",\"item\":\"https:\/\/www.timmpi.com\/fr\/categorie-produit\/immersive-live\/\"},{\"@type\":\"ListItem\",\"position\":4,\"name\":\"Woojer version Live Series 3 l L\u2019exp\u00e9rience immersive 360\u00b0\"}]},{\"@type\":\"WebSite\",\"@id\":\"https:\/\/www.timmpi.com\/fr\/#website\",\"url\":\"https:\/\/www.timmpi.com\/fr\/\",\"name\":\"TiMMPi\",\"description\":\"Make your sound experience unique\",\"publisher\":{\"@id\":\"https:\/\/www.timmpi.com\/fr\/#organization\"},\"potentialAction\":[{\"@type\":\"SearchAction\",\"target\":{\"@type\":\"EntryPoint\",\"urlTemplate\":\"https:\/\/www.timmpi.com\/fr\/?s={search_term_string}\"},\"query-input\":{\"@type\":\"PropertyValueSpecification\",\"valueRequired\":true,\"valueName\":\"search_term_string\"}}],\"inLanguage\":\"fr-FR\"},{\"@type\":\"Organization\",\"@id\":\"https:\/\/www.timmpi.com\/fr\/#organization\",\"name\":\"Timmpi\",\"url\":\"https:\/\/www.timmpi.com\/fr\/\",\"logo\":{\"@type\":\"ImageObject\",\"inLanguage\":\"fr-FR\",\"@id\":\"https:\/\/www.timmpi.com\/fr\/#\/schema\/logo\/image\/\",\"url\":\"\",\"contentUrl\":\"\",\"caption\":\"Timmpi\"},\"image\":{\"@id\":\"https:\/\/www.timmpi.com\/fr\/#\/schema\/logo\/image\/\"},\"sameAs\":[\"http:\/\/www.facebook.com\/timmpiofficial\",\"https:\/\/x.com\/timmpi\",\"https:\/\/www.instagram.com\/timmpi_\",\"https:\/\/www.linkedin.com\/company\/timmpi\",\"https:\/\/www.youtube.com\/user\/TimmpiOfficial\"]}]}<\/script>\n<meta property=\"product:price:amount\" content=\"0.00\" \/>\n<meta property=\"product:price:currency\" content=\"EUR\" \/>\n<meta property=\"og:availability\" content=\"instock\" \/>\n<meta property=\"product:availability\" content=\"instock\" \/>\n<meta property=\"product:condition\" content=\"new\" \/>\n<!-- \/ Yoast SEO Premium plugin. -->","yoast_head_json":{"title":"Woojer version Live Series 3 l L\u2019exp\u00e9rience immersive 360\u00b0","description":"\u201cLive\u201d indique un dispositif de r\u00e9ception par radio fr\u00e9quences UHF embarqu\u00e9 nouvelle g\u00e9n\u00e9ration, une connectique s\u00e9curis\u00e9e permettant uncontr\u00f4le des vibrations et du volume unifi\u00e9 et une gestion de l\u2019autonomie professionnelle.","robots":{"index":"index","follow":"follow","max-snippet":"max-snippet:-1","max-image-preview":"max-image-preview:large","max-video-preview":"max-video-preview:-1"},"canonical":"https:\/\/www.timmpi.com\/fr\/shop\/immersive-live\/woojer-version-live-series-3-l-lexperience-immersive-360\/","og_locale":"fr_FR","og_type":"article","og_title":"Woojer version Live Series 3 l L\u2019exp\u00e9rience immersive 360\u00b0","og_description":"\u201cLive\u201d indique un dispositif de r\u00e9ception par radio fr\u00e9quences UHF embarqu\u00e9 nouvelle g\u00e9n\u00e9ration, une connectique s\u00e9curis\u00e9e permettant uncontr\u00f4le des vibrations et du volume unifi\u00e9 et une gestion de l\u2019autonomie professionnelle.","og_url":"https:\/\/www.timmpi.com\/fr\/shop\/immersive-live\/woojer-version-live-series-3-l-lexperience-immersive-360\/","og_site_name":"TiMMPi","article_publisher":"http:\/\/www.facebook.com\/timmpiofficial","article_modified_time":"2024-08-06T12:55:17+00:00","og_image":[{"width":1920,"height":1920,"url":"https:\/\/www.timmpi.com\/wp-content\/uploads\/Woojer-Vest-3-V1-1.png","type":"image\/png"}],"twitter_card":"summary_large_image","twitter_site":"@timmpi","twitter_misc":{"Prix":"","Disponibilit\u00e9":"En stock"},"schema":{"@context":"https:\/\/schema.org","@graph":[{"@type":"WebPage","@id":"https:\/\/www.timmpi.com\/fr\/shop\/immersive-live\/woojer-version-live-series-3-l-lexperience-immersive-360\/","url":"https:\/\/www.timmpi.com\/fr\/shop\/immersive-live\/woojer-version-live-series-3-l-lexperience-immersive-360\/","name":"Woojer version Live Series 3 l L\u2019exp\u00e9rience immersive 360\u00b0","isPartOf":{"@id":"https:\/\/www.timmpi.com\/fr\/#website"},"primaryImageOfPage":{"@id":"https:\/\/www.timmpi.com\/fr\/shop\/immersive-live\/woojer-version-live-series-3-l-lexperience-immersive-360\/#primaryimage"},"image":{"@id":"https:\/\/www.timmpi.com\/fr\/shop\/immersive-live\/woojer-version-live-series-3-l-lexperience-immersive-360\/#primaryimage"},"thumbnailUrl":"https:\/\/www.timmpi.com\/wp-content\/uploads\/Woojer-Vest-3-V1-1.png","datePublished":"2023-07-24T11:28:10+00:00","dateModified":"2024-08-06T12:55:17+00:00","description":"\u201cLive\u201d indique un dispositif de r\u00e9ception par radio fr\u00e9quences UHF embarqu\u00e9 nouvelle g\u00e9n\u00e9ration, une connectique s\u00e9curis\u00e9e permettant uncontr\u00f4le des vibrations et du volume unifi\u00e9 et une gestion de l\u2019autonomie professionnelle.","breadcrumb":{"@id":"https:\/\/www.timmpi.com\/fr\/shop\/immersive-live\/woojer-version-live-series-3-l-lexperience-immersive-360\/#breadcrumb"},"inLanguage":"fr-FR","potentialAction":[{"@type":"ReadAction","target":["https:\/\/www.timmpi.com\/fr\/shop\/immersive-live\/woojer-version-live-series-3-l-lexperience-immersive-360\/"]}]},{"@type":"ImageObject","inLanguage":"fr-FR","@id":"https:\/\/www.timmpi.com\/fr\/shop\/immersive-live\/woojer-version-live-series-3-l-lexperience-immersive-360\/#primaryimage","url":"https:\/\/www.timmpi.com\/wp-content\/uploads\/Woojer-Vest-3-V1-1.png","contentUrl":"https:\/\/www.timmpi.com\/wp-content\/uploads\/Woojer-Vest-3-V1-1.png","width":1920,"height":1920},{"@type":"BreadcrumbList","@id":"https:\/\/www.timmpi.com\/fr\/shop\/immersive-live\/woojer-version-live-series-3-l-lexperience-immersive-360\/#breadcrumb","itemListElement":[{"@type":"ListItem","position":1,"name":"Home","item":"https:\/\/www.timmpi.com\/fr\/"},{"@type":"ListItem","position":2,"name":"Ouvrir la voie \u00e0 une nouvelle exp\u00e9rience sonore plus immersive et inclusive","item":"https:\/\/www.timmpi.com\/fr\/shop\/"},{"@type":"ListItem","position":3,"name":"Immersive Live","item":"https:\/\/www.timmpi.com\/fr\/categorie-produit\/immersive-live\/"},{"@type":"ListItem","position":4,"name":"Woojer version Live Series 3 l L\u2019exp\u00e9rience immersive 360\u00b0"}]},{"@type":"WebSite","@id":"https:\/\/www.timmpi.com\/fr\/#website","url":"https:\/\/www.timmpi.com\/fr\/","name":"TiMMPi","description":"Make your sound experience unique","publisher":{"@id":"https:\/\/www.timmpi.com\/fr\/#organization"},"potentialAction":[{"@type":"SearchAction","target":{"@type":"EntryPoint","urlTemplate":"https:\/\/www.timmpi.com\/fr\/?s={search_term_string}"},"query-input":{"@type":"PropertyValueSpecification","valueRequired":true,"valueName":"search_term_string"}}],"inLanguage":"fr-FR"},{"@type":"Organization","@id":"https:\/\/www.timmpi.com\/fr\/#organization","name":"Timmpi","url":"https:\/\/www.timmpi.com\/fr\/","logo":{"@type":"ImageObject","inLanguage":"fr-FR","@id":"https:\/\/www.timmpi.com\/fr\/#\/schema\/logo\/image\/","url":"","contentUrl":"","caption":"Timmpi"},"image":{"@id":"https:\/\/www.timmpi.com\/fr\/#\/schema\/logo\/image\/"},"sameAs":["http:\/\/www.facebook.com\/timmpiofficial","https:\/\/x.com\/timmpi","https:\/\/www.instagram.com\/timmpi_","https:\/\/www.linkedin.com\/company\/timmpi","https:\/\/www.youtube.com\/user\/TimmpiOfficial"]}]},"product_price_amount":"0.00","product_price_currency":"EUR","og_availability":"instock","product_availability":"instock","product_condition":"new"},"_links":{"self":[{"href":"https:\/\/www.timmpi.com\/fr\/wp-json\/wp\/v2\/product\/343152","targetHints":{"allow":["GET"]}}],"collection":[{"href":"https:\/\/www.timmpi.com\/fr\/wp-json\/wp\/v2\/product"}],"about":[{"href":"https:\/\/www.timmpi.com\/fr\/wp-json\/wp\/v2\/types\/product"}],"replies":[{"embeddable":true,"href":"https:\/\/www.timmpi.com\/fr\/wp-json\/wp\/v2\/comments?post=343152"}],"wp:featuredmedia":[{"embeddable":true,"href":"https:\/\/www.timmpi.com\/fr\/wp-json\/wp\/v2\/media\/343264"}],"wp:attachment":[{"href":"https:\/\/www.timmpi.com\/fr\/wp-json\/wp\/v2\/media?parent=343152"}],"wp:term":[{"taxonomy":"product_brand","embeddable":true,"href":"https:\/\/www.timmpi.com\/fr\/wp-json\/wp\/v2\/product_brand?post=343152"},{"taxonomy":"product_cat","embeddable":true,"href":"https:\/\/www.timmpi.com\/fr\/wp-json\/wp\/v2\/product_cat?post=343152"},{"taxonomy":"product_tag","embeddable":true,"href":"https:\/\/www.timmpi.com\/fr\/wp-json\/wp\/v2\/product_tag?post=343152"}],"curies":[{"name":"wp","href":"https:\/\/api.w.org\/{rel}","templated":true}]}}