

{"id":10990,"date":"2023-01-20T07:14:42","date_gmt":"2023-01-20T07:14:42","guid":{"rendered":"https:\/\/www.timmpi.com\/?post_type=product&#038;p=10990"},"modified":"2025-06-02T18:01:53","modified_gmt":"2025-06-02T18:01:53","slug":"support-premium-timmpi-niveau-1","status":"publish","type":"product","link":"https:\/\/www.timmpi.com\/fr\/shop\/immersive-live\/support-premium-timmpi-niveau-1\/","title":{"rendered":"Support Premium Timmpi niveau 1"},"content":{"rendered":"<p>Le support premium Timmpi niveau 1 est la garantie de disposer d&rsquo;une vision sur le long terme de vos \u00e9quipements, de b\u00e9n\u00e9ficier gratuitement de certaines mises \u00e0 jour techniques et de tarifs pr\u00e9f\u00e9rentiels sur les nouvelles solutions.<\/p>\n<p>La redevance technique doit \u00eatre acquitt\u00e9e chaque ann\u00e9e.<\/p>\n<p>Veuillez svp prendre contact avec nous pour toute souscription ou compl\u00e9ment d&rsquo;informations.<\/p>\n","protected":false},"excerpt":{"rendered":"<p>Le support premium de Timmpi est la garantie de disposer d&rsquo;une vision sur le long terme de vos \u00e9quipements, de b\u00e9n\u00e9ficier gratuitement de certaines mises \u00e0 jour techniques et de tarifs pr\u00e9f\u00e9rentiels sur les nouvelles solutions. La redevance technique doit \u00eatre acquitt\u00e9e chaque ann\u00e9e.<\/p>\n","protected":false},"featured_media":343437,"comment_status":"open","ping_status":"closed","template":"","meta":{"inline_featured_image":false},"product_brand":[],"product_cat":[449],"product_tag":[],"class_list":{"0":"post-10990","1":"product","2":"type-product","3":"status-publish","4":"has-post-thumbnail","6":"product_cat-immersive-live","8":"first","9":"instock","10":"taxable","11":"shipping-taxable","12":"product-type-simple"},"yoast_head":"<!-- This site is optimized with the Yoast SEO Premium plugin v23.1 (Yoast SEO v24.7) - https:\/\/yoast.com\/wordpress\/plugins\/seo\/ -->\n<title>Support Premium Timmpi niveau 1<\/title>\n<meta name=\"description\" content=\"La garantie de disposer d&#039;une vision sur le long terme de vos \u00e9quipements, de b\u00e9n\u00e9ficier gratuitement de certaines mises \u00e0 jour techniques et de tarifs pr\u00e9f\u00e9rentiels sur les nouvelles solutions. La redevance technique doit \u00eatre acquitt\u00e9e chaque ann\u00e9e.\" \/>\n<meta name=\"robots\" content=\"index, follow, max-snippet:-1, max-image-preview:large, max-video-preview:-1\" \/>\n<link rel=\"canonical\" href=\"https:\/\/www.timmpi.com\/fr\/shop\/immersive-live\/support-premium-timmpi-niveau-1\/\" \/>\n<meta property=\"og:locale\" content=\"fr_FR\" \/>\n<meta property=\"og:type\" content=\"article\" \/>\n<meta property=\"og:title\" content=\"Support Premium Timmpi niveau 1\" \/>\n<meta property=\"og:description\" content=\"La garantie de disposer d&#039;une vision sur le long terme de vos \u00e9quipements, de b\u00e9n\u00e9ficier gratuitement de certaines mises \u00e0 jour techniques et de tarifs pr\u00e9f\u00e9rentiels sur les nouvelles solutions. La redevance technique doit \u00eatre acquitt\u00e9e chaque ann\u00e9e.\" \/>\n<meta property=\"og:url\" content=\"https:\/\/www.timmpi.com\/fr\/shop\/immersive-live\/support-premium-timmpi-niveau-1\/\" \/>\n<meta property=\"og:site_name\" content=\"TiMMPi\" \/>\n<meta property=\"article:publisher\" content=\"http:\/\/www.facebook.com\/timmpiofficial\" \/>\n<meta property=\"article:modified_time\" content=\"2025-06-02T18:01:53+00:00\" \/>\n<meta property=\"og:image\" content=\"https:\/\/www.immersive-culture.com\/wp-content\/uploads\/TIMMPI-squared-logo-yellow-b-72dpi.png\" \/>\n\t<meta property=\"og:image:width\" content=\"284\" \/>\n\t<meta property=\"og:image:height\" content=\"284\" \/>\n\t<meta property=\"og:image:type\" content=\"image\/png\" \/>\n<meta name=\"twitter:card\" content=\"summary_large_image\" \/>\n<meta name=\"twitter:site\" content=\"@timmpi\" \/>\n<meta name=\"twitter:label1\" content=\"Prix\" \/>\n\t<meta name=\"twitter:data1\" content=\"\" \/>\n\t<meta name=\"twitter:label2\" content=\"Disponibilit\u00e9\" \/>\n\t<meta name=\"twitter:data2\" content=\"En stock\" \/>\n<script type=\"application\/ld+json\" class=\"yoast-schema-graph\">{\"@context\":\"https:\/\/schema.org\",\"@graph\":[{\"@type\":\"WebPage\",\"@id\":\"https:\/\/www.timmpi.com\/fr\/shop\/immersive-live\/support-premium-timmpi-niveau-1\/\",\"url\":\"https:\/\/www.timmpi.com\/fr\/shop\/immersive-live\/support-premium-timmpi-niveau-1\/\",\"name\":\"Support Premium Timmpi niveau 1\",\"isPartOf\":{\"@id\":\"https:\/\/www.timmpi.com\/fr\/#website\"},\"primaryImageOfPage\":{\"@id\":\"https:\/\/www.timmpi.com\/fr\/shop\/immersive-live\/support-premium-timmpi-niveau-1\/#primaryimage\"},\"image\":{\"@id\":\"https:\/\/www.timmpi.com\/fr\/shop\/immersive-live\/support-premium-timmpi-niveau-1\/#primaryimage\"},\"thumbnailUrl\":\"https:\/\/www.timmpi.com\/wp-content\/uploads\/TIMMPI-squared-logo-yellow-b-72dpi.png\",\"datePublished\":\"2023-01-20T07:14:42+00:00\",\"dateModified\":\"2025-06-02T18:01:53+00:00\",\"description\":\"La garantie de disposer d'une vision sur le long terme de vos \u00e9quipements, de b\u00e9n\u00e9ficier gratuitement de certaines mises \u00e0 jour techniques et de tarifs pr\u00e9f\u00e9rentiels sur les nouvelles solutions. La redevance technique doit \u00eatre acquitt\u00e9e chaque ann\u00e9e.\",\"breadcrumb\":{\"@id\":\"https:\/\/www.timmpi.com\/fr\/shop\/immersive-live\/support-premium-timmpi-niveau-1\/#breadcrumb\"},\"inLanguage\":\"fr-FR\",\"potentialAction\":[{\"@type\":\"ReadAction\",\"target\":[\"https:\/\/www.timmpi.com\/fr\/shop\/immersive-live\/support-premium-timmpi-niveau-1\/\"]}]},{\"@type\":\"ImageObject\",\"inLanguage\":\"fr-FR\",\"@id\":\"https:\/\/www.timmpi.com\/fr\/shop\/immersive-live\/support-premium-timmpi-niveau-1\/#primaryimage\",\"url\":\"https:\/\/www.timmpi.com\/wp-content\/uploads\/TIMMPI-squared-logo-yellow-b-72dpi.png\",\"contentUrl\":\"https:\/\/www.timmpi.com\/wp-content\/uploads\/TIMMPI-squared-logo-yellow-b-72dpi.png\",\"width\":284,\"height\":284},{\"@type\":\"BreadcrumbList\",\"@id\":\"https:\/\/www.timmpi.com\/fr\/shop\/immersive-live\/support-premium-timmpi-niveau-1\/#breadcrumb\",\"itemListElement\":[{\"@type\":\"ListItem\",\"position\":1,\"name\":\"Home\",\"item\":\"https:\/\/immersive-culture.com\/fr\/\"},{\"@type\":\"ListItem\",\"position\":2,\"name\":\"Ouvrir la voie \u00e0 une nouvelle exp\u00e9rience sonore plus immersive et inclusive\",\"item\":\"https:\/\/immersive-culture.com\/fr\/shop\/\"},{\"@type\":\"ListItem\",\"position\":3,\"name\":\"Immersive Live\",\"item\":\"https:\/\/www.timmpi.com\/fr\/categorie-produit\/immersive-live\/\"},{\"@type\":\"ListItem\",\"position\":4,\"name\":\"Support Premium Timmpi niveau 1\"}]},{\"@type\":\"WebSite\",\"@id\":\"https:\/\/www.timmpi.com\/fr\/#website\",\"url\":\"https:\/\/www.timmpi.com\/fr\/\",\"name\":\"TiMMPi\",\"description\":\"Make your sound experience unique\",\"publisher\":{\"@id\":\"https:\/\/www.timmpi.com\/fr\/#organization\"},\"potentialAction\":[{\"@type\":\"SearchAction\",\"target\":{\"@type\":\"EntryPoint\",\"urlTemplate\":\"https:\/\/www.timmpi.com\/fr\/?s={search_term_string}\"},\"query-input\":{\"@type\":\"PropertyValueSpecification\",\"valueRequired\":true,\"valueName\":\"search_term_string\"}}],\"inLanguage\":\"fr-FR\"},{\"@type\":\"Organization\",\"@id\":\"https:\/\/www.timmpi.com\/fr\/#organization\",\"name\":\"Timmpi\",\"url\":\"https:\/\/www.timmpi.com\/fr\/\",\"logo\":{\"@type\":\"ImageObject\",\"inLanguage\":\"fr-FR\",\"@id\":\"https:\/\/www.timmpi.com\/fr\/#\/schema\/logo\/image\/\",\"url\":\"\",\"contentUrl\":\"\",\"caption\":\"Timmpi\"},\"image\":{\"@id\":\"https:\/\/www.timmpi.com\/fr\/#\/schema\/logo\/image\/\"},\"sameAs\":[\"http:\/\/www.facebook.com\/timmpiofficial\",\"https:\/\/x.com\/timmpi\",\"https:\/\/www.instagram.com\/timmpi_\",\"https:\/\/www.linkedin.com\/company\/timmpi\",\"https:\/\/www.youtube.com\/user\/TimmpiOfficial\"]}]}<\/script>\n<meta property=\"product:price:amount\" content=\"0.00\" \/>\n<meta property=\"product:price:currency\" content=\"EUR\" \/>\n<meta property=\"og:availability\" content=\"instock\" \/>\n<meta property=\"product:availability\" content=\"instock\" \/>\n<meta property=\"product:condition\" content=\"new\" \/>\n<!-- \/ Yoast SEO Premium plugin. -->","yoast_head_json":{"title":"Support Premium Timmpi niveau 1","description":"La garantie de disposer d'une vision sur le long terme de vos \u00e9quipements, de b\u00e9n\u00e9ficier gratuitement de certaines mises \u00e0 jour techniques et de tarifs pr\u00e9f\u00e9rentiels sur les nouvelles solutions. La redevance technique doit \u00eatre acquitt\u00e9e chaque ann\u00e9e.","robots":{"index":"index","follow":"follow","max-snippet":"max-snippet:-1","max-image-preview":"max-image-preview:large","max-video-preview":"max-video-preview:-1"},"canonical":"https:\/\/www.timmpi.com\/fr\/shop\/immersive-live\/support-premium-timmpi-niveau-1\/","og_locale":"fr_FR","og_type":"article","og_title":"Support Premium Timmpi niveau 1","og_description":"La garantie de disposer d'une vision sur le long terme de vos \u00e9quipements, de b\u00e9n\u00e9ficier gratuitement de certaines mises \u00e0 jour techniques et de tarifs pr\u00e9f\u00e9rentiels sur les nouvelles solutions. La redevance technique doit \u00eatre acquitt\u00e9e chaque ann\u00e9e.","og_url":"https:\/\/www.timmpi.com\/fr\/shop\/immersive-live\/support-premium-timmpi-niveau-1\/","og_site_name":"TiMMPi","article_publisher":"http:\/\/www.facebook.com\/timmpiofficial","article_modified_time":"2025-06-02T18:01:53+00:00","og_image":[{"width":284,"height":284,"url":"https:\/\/www.immersive-culture.com\/wp-content\/uploads\/TIMMPI-squared-logo-yellow-b-72dpi.png","type":"image\/png"}],"twitter_card":"summary_large_image","twitter_site":"@timmpi","twitter_misc":{"Prix":"","Disponibilit\u00e9":"En stock"},"schema":{"@context":"https:\/\/schema.org","@graph":[{"@type":"WebPage","@id":"https:\/\/www.timmpi.com\/fr\/shop\/immersive-live\/support-premium-timmpi-niveau-1\/","url":"https:\/\/www.timmpi.com\/fr\/shop\/immersive-live\/support-premium-timmpi-niveau-1\/","name":"Support Premium Timmpi niveau 1","isPartOf":{"@id":"https:\/\/www.timmpi.com\/fr\/#website"},"primaryImageOfPage":{"@id":"https:\/\/www.timmpi.com\/fr\/shop\/immersive-live\/support-premium-timmpi-niveau-1\/#primaryimage"},"image":{"@id":"https:\/\/www.timmpi.com\/fr\/shop\/immersive-live\/support-premium-timmpi-niveau-1\/#primaryimage"},"thumbnailUrl":"https:\/\/www.timmpi.com\/wp-content\/uploads\/TIMMPI-squared-logo-yellow-b-72dpi.png","datePublished":"2023-01-20T07:14:42+00:00","dateModified":"2025-06-02T18:01:53+00:00","description":"La garantie de disposer d'une vision sur le long terme de vos \u00e9quipements, de b\u00e9n\u00e9ficier gratuitement de certaines mises \u00e0 jour techniques et de tarifs pr\u00e9f\u00e9rentiels sur les nouvelles solutions. La redevance technique doit \u00eatre acquitt\u00e9e chaque ann\u00e9e.","breadcrumb":{"@id":"https:\/\/www.timmpi.com\/fr\/shop\/immersive-live\/support-premium-timmpi-niveau-1\/#breadcrumb"},"inLanguage":"fr-FR","potentialAction":[{"@type":"ReadAction","target":["https:\/\/www.timmpi.com\/fr\/shop\/immersive-live\/support-premium-timmpi-niveau-1\/"]}]},{"@type":"ImageObject","inLanguage":"fr-FR","@id":"https:\/\/www.timmpi.com\/fr\/shop\/immersive-live\/support-premium-timmpi-niveau-1\/#primaryimage","url":"https:\/\/www.timmpi.com\/wp-content\/uploads\/TIMMPI-squared-logo-yellow-b-72dpi.png","contentUrl":"https:\/\/www.timmpi.com\/wp-content\/uploads\/TIMMPI-squared-logo-yellow-b-72dpi.png","width":284,"height":284},{"@type":"BreadcrumbList","@id":"https:\/\/www.timmpi.com\/fr\/shop\/immersive-live\/support-premium-timmpi-niveau-1\/#breadcrumb","itemListElement":[{"@type":"ListItem","position":1,"name":"Home","item":"https:\/\/immersive-culture.com\/fr\/"},{"@type":"ListItem","position":2,"name":"Ouvrir la voie \u00e0 une nouvelle exp\u00e9rience sonore plus immersive et inclusive","item":"https:\/\/immersive-culture.com\/fr\/shop\/"},{"@type":"ListItem","position":3,"name":"Immersive Live","item":"https:\/\/www.timmpi.com\/fr\/categorie-produit\/immersive-live\/"},{"@type":"ListItem","position":4,"name":"Support Premium Timmpi niveau 1"}]},{"@type":"WebSite","@id":"https:\/\/www.timmpi.com\/fr\/#website","url":"https:\/\/www.timmpi.com\/fr\/","name":"TiMMPi","description":"Make your sound experience unique","publisher":{"@id":"https:\/\/www.timmpi.com\/fr\/#organization"},"potentialAction":[{"@type":"SearchAction","target":{"@type":"EntryPoint","urlTemplate":"https:\/\/www.timmpi.com\/fr\/?s={search_term_string}"},"query-input":{"@type":"PropertyValueSpecification","valueRequired":true,"valueName":"search_term_string"}}],"inLanguage":"fr-FR"},{"@type":"Organization","@id":"https:\/\/www.timmpi.com\/fr\/#organization","name":"Timmpi","url":"https:\/\/www.timmpi.com\/fr\/","logo":{"@type":"ImageObject","inLanguage":"fr-FR","@id":"https:\/\/www.timmpi.com\/fr\/#\/schema\/logo\/image\/","url":"","contentUrl":"","caption":"Timmpi"},"image":{"@id":"https:\/\/www.timmpi.com\/fr\/#\/schema\/logo\/image\/"},"sameAs":["http:\/\/www.facebook.com\/timmpiofficial","https:\/\/x.com\/timmpi","https:\/\/www.instagram.com\/timmpi_","https:\/\/www.linkedin.com\/company\/timmpi","https:\/\/www.youtube.com\/user\/TimmpiOfficial"]}]},"product_price_amount":"0.00","product_price_currency":"EUR","og_availability":"instock","product_availability":"instock","product_condition":"new"},"_links":{"self":[{"href":"https:\/\/www.timmpi.com\/fr\/wp-json\/wp\/v2\/product\/10990","targetHints":{"allow":["GET"]}}],"collection":[{"href":"https:\/\/www.timmpi.com\/fr\/wp-json\/wp\/v2\/product"}],"about":[{"href":"https:\/\/www.timmpi.com\/fr\/wp-json\/wp\/v2\/types\/product"}],"replies":[{"embeddable":true,"href":"https:\/\/www.timmpi.com\/fr\/wp-json\/wp\/v2\/comments?post=10990"}],"wp:featuredmedia":[{"embeddable":true,"href":"https:\/\/www.timmpi.com\/fr\/wp-json\/wp\/v2\/media\/343437"}],"wp:attachment":[{"href":"https:\/\/www.timmpi.com\/fr\/wp-json\/wp\/v2\/media?parent=10990"}],"wp:term":[{"taxonomy":"product_brand","embeddable":true,"href":"https:\/\/www.timmpi.com\/fr\/wp-json\/wp\/v2\/product_brand?post=10990"},{"taxonomy":"product_cat","embeddable":true,"href":"https:\/\/www.timmpi.com\/fr\/wp-json\/wp\/v2\/product_cat?post=10990"},{"taxonomy":"product_tag","embeddable":true,"href":"https:\/\/www.timmpi.com\/fr\/wp-json\/wp\/v2\/product_tag?post=10990"}],"curies":[{"name":"wp","href":"https:\/\/api.w.org\/{rel}","templated":true}]}}