

{"id":342207,"date":"2023-04-24T10:29:52","date_gmt":"2023-01-11T18:26:37","guid":{"rendered":"https:\/\/www.timmpi.com\/?post_type=product&#038;p=342207"},"modified":"2025-10-22T12:47:47","modified_gmt":"2025-10-22T12:47:47","slug":"fw5-4","status":"publish","type":"product","link":"https:\/\/www.timmpi.com\/es\/shop\/immersive-live-es\/fw5-4\/","title":{"rendered":"<b>Immersive Live FW5.4 &#8211; versi\u00f3n Woojer Live Series 4<\/b> <br>La soluci\u00f3n audio t\u00e1ctil inclusiva 360\u00b0"},"content":{"rendered":"<p><a href=\"http:\/\/www.timmpi.com\/es\/immersive-live\">M\u00e1s informaci\u00f3n<\/a><\/p>\n","protected":false},"excerpt":{"rendered":"<p>La soluci\u00f3n audio t\u00e1ctil completa 360\u00b0 para mejorar y hacer accesibles las experiencias en vivo, conciertos, gaming\/VR y cine.<\/p>\n","protected":false},"featured_media":342520,"comment_status":"open","ping_status":"closed","template":"","meta":{"inline_featured_image":false},"product_brand":[],"product_cat":[452],"product_tag":[],"class_list":{"0":"post-342207","1":"product","2":"type-product","3":"status-publish","4":"has-post-thumbnail","6":"product_cat-immersive-live-es","8":"first","9":"instock","10":"taxable","11":"shipping-taxable","12":"product-type-simple"},"yoast_head":"<!-- This site is optimized with the Yoast SEO Premium plugin v23.1 (Yoast SEO v24.7) - https:\/\/yoast.com\/wordpress\/plugins\/seo\/ -->\n<title>Immersive Live FW5.4, versi\u00f3n Woojer Live Series 4<\/title>\n<meta name=\"description\" content=\"La soluci\u00f3n audio t\u00e1ctil completa 360\u00b0 para mejorar y hacer accesibles las experiencias en vivo, conciertos, gaming\/VR y cine.\" \/>\n<meta name=\"robots\" content=\"index, follow, max-snippet:-1, max-image-preview:large, max-video-preview:-1\" \/>\n<link rel=\"canonical\" href=\"https:\/\/www.timmpi.com\/es\/shop\/immersive-live-es\/fw5-4\/\" \/>\n<meta property=\"og:locale\" content=\"es_ES\" \/>\n<meta property=\"og:type\" content=\"article\" \/>\n<meta property=\"og:title\" content=\"Immersive Live FW5.4 - versi\u00f3n Woojer Live Series 4 La soluci\u00f3n audio t\u00e1ctil inclusiva 360\u00b0\" \/>\n<meta property=\"og:description\" content=\"La soluci\u00f3n audio t\u00e1ctil completa 360\u00b0 para mejorar y hacer accesibles las experiencias en vivo, conciertos, gaming\/VR y cine.\" \/>\n<meta property=\"og:url\" content=\"https:\/\/www.timmpi.com\/es\/shop\/immersive-live-es\/fw5-4\/\" \/>\n<meta property=\"og:site_name\" content=\"TiMMPi\" \/>\n<meta property=\"article:publisher\" content=\"http:\/\/www.facebook.com\/timmpiofficial\" \/>\n<meta property=\"article:modified_time\" content=\"2025-10-22T12:47:47+00:00\" \/>\n<meta property=\"og:image\" content=\"https:\/\/www.timmpi.com\/wp-content\/uploads\/W5.3-3.png\" \/>\n\t<meta property=\"og:image:width\" content=\"1200\" \/>\n\t<meta property=\"og:image:height\" content=\"1200\" \/>\n\t<meta property=\"og:image:type\" content=\"image\/png\" \/>\n<meta name=\"twitter:card\" content=\"summary_large_image\" \/>\n<meta name=\"twitter:site\" content=\"@timmpi\" \/>\n<meta name=\"twitter:label1\" content=\"Precio\" \/>\n\t<meta name=\"twitter:data1\" content=\"\" \/>\n\t<meta name=\"twitter:label2\" content=\"Disponibilidad\" \/>\n\t<meta name=\"twitter:data2\" content=\"Disponible\" \/>\n<script type=\"application\/ld+json\" class=\"yoast-schema-graph\">{\"@context\":\"https:\/\/schema.org\",\"@graph\":[{\"@type\":\"WebPage\",\"@id\":\"https:\/\/www.timmpi.com\/es\/shop\/immersive-live-es\/fw5-4\/\",\"url\":\"https:\/\/www.timmpi.com\/es\/shop\/immersive-live-es\/fw5-4\/\",\"name\":\"Immersive Live FW5.4, versi\u00f3n Woojer Live Series 4\",\"isPartOf\":{\"@id\":\"https:\/\/www.timmpi.com\/es\/#website\"},\"primaryImageOfPage\":{\"@id\":\"https:\/\/www.timmpi.com\/es\/shop\/immersive-live-es\/fw5-4\/#primaryimage\"},\"image\":{\"@id\":\"https:\/\/www.timmpi.com\/es\/shop\/immersive-live-es\/fw5-4\/#primaryimage\"},\"thumbnailUrl\":\"https:\/\/www.timmpi.com\/wp-content\/uploads\/W5.3-3.png\",\"datePublished\":\"2023-01-11T18:26:37+00:00\",\"dateModified\":\"2025-10-22T12:47:47+00:00\",\"description\":\"La soluci\u00f3n audio t\u00e1ctil completa 360\u00b0 para mejorar y hacer accesibles las experiencias en vivo, conciertos, gaming\/VR y cine.\",\"breadcrumb\":{\"@id\":\"https:\/\/www.timmpi.com\/es\/shop\/immersive-live-es\/fw5-4\/#breadcrumb\"},\"inLanguage\":\"es\",\"potentialAction\":[{\"@type\":\"ReadAction\",\"target\":[\"https:\/\/www.timmpi.com\/es\/shop\/immersive-live-es\/fw5-4\/\"]}]},{\"@type\":\"ImageObject\",\"inLanguage\":\"es\",\"@id\":\"https:\/\/www.timmpi.com\/es\/shop\/immersive-live-es\/fw5-4\/#primaryimage\",\"url\":\"https:\/\/www.timmpi.com\/wp-content\/uploads\/W5.3-3.png\",\"contentUrl\":\"https:\/\/www.timmpi.com\/wp-content\/uploads\/W5.3-3.png\",\"width\":1200,\"height\":1200},{\"@type\":\"BreadcrumbList\",\"@id\":\"https:\/\/www.timmpi.com\/es\/shop\/immersive-live-es\/fw5-4\/#breadcrumb\",\"itemListElement\":[{\"@type\":\"ListItem\",\"position\":1,\"name\":\"Home\",\"item\":\"https:\/\/www.timmpi.com\/es\/\"},{\"@type\":\"ListItem\",\"position\":2,\"name\":\"Abrir el camino para una nueva experiencia sonora y hacer la cultura musical inclusiva para todos\",\"item\":\"https:\/\/www.timmpi.com\/es\/tienda\/\"},{\"@type\":\"ListItem\",\"position\":3,\"name\":\"Immersive Live\",\"item\":\"https:\/\/www.timmpi.com\/es\/products\/immersive-live-es\/\"},{\"@type\":\"ListItem\",\"position\":4,\"name\":\"Immersive Live FW5.4 &#8211; versi\u00f3n Woojer Live Series 4 La soluci\u00f3n audio t\u00e1ctil inclusiva 360\u00b0\"}]},{\"@type\":\"WebSite\",\"@id\":\"https:\/\/www.timmpi.com\/es\/#website\",\"url\":\"https:\/\/www.timmpi.com\/es\/\",\"name\":\"TiMMPi\",\"description\":\"Make your sound experience unique\",\"publisher\":{\"@id\":\"https:\/\/www.timmpi.com\/es\/#organization\"},\"potentialAction\":[{\"@type\":\"SearchAction\",\"target\":{\"@type\":\"EntryPoint\",\"urlTemplate\":\"https:\/\/www.timmpi.com\/es\/?s={search_term_string}\"},\"query-input\":{\"@type\":\"PropertyValueSpecification\",\"valueRequired\":true,\"valueName\":\"search_term_string\"}}],\"inLanguage\":\"es\"},{\"@type\":\"Organization\",\"@id\":\"https:\/\/www.timmpi.com\/es\/#organization\",\"name\":\"Timmpi\",\"url\":\"https:\/\/www.timmpi.com\/es\/\",\"logo\":{\"@type\":\"ImageObject\",\"inLanguage\":\"es\",\"@id\":\"https:\/\/www.timmpi.com\/es\/#\/schema\/logo\/image\/\",\"url\":\"\",\"contentUrl\":\"\",\"caption\":\"Timmpi\"},\"image\":{\"@id\":\"https:\/\/www.timmpi.com\/es\/#\/schema\/logo\/image\/\"},\"sameAs\":[\"http:\/\/www.facebook.com\/timmpiofficial\",\"https:\/\/x.com\/timmpi\",\"https:\/\/www.instagram.com\/timmpi_\",\"https:\/\/www.linkedin.com\/company\/timmpi\",\"https:\/\/www.youtube.com\/user\/TimmpiOfficial\"]}]}<\/script>\n<meta property=\"product:price:amount\" content=\"0.00\" \/>\n<meta property=\"product:price:currency\" content=\"EUR\" \/>\n<meta property=\"og:availability\" content=\"instock\" \/>\n<meta property=\"product:availability\" content=\"instock\" \/>\n<meta property=\"product:condition\" content=\"new\" \/>\n<!-- \/ Yoast SEO Premium plugin. -->","yoast_head_json":{"title":"Immersive Live FW5.4, versi\u00f3n Woojer Live Series 4","description":"La soluci\u00f3n audio t\u00e1ctil completa 360\u00b0 para mejorar y hacer accesibles las experiencias en vivo, conciertos, gaming\/VR y cine.","robots":{"index":"index","follow":"follow","max-snippet":"max-snippet:-1","max-image-preview":"max-image-preview:large","max-video-preview":"max-video-preview:-1"},"canonical":"https:\/\/www.timmpi.com\/es\/shop\/immersive-live-es\/fw5-4\/","og_locale":"es_ES","og_type":"article","og_title":"Immersive Live FW5.4 - versi\u00f3n Woojer Live Series 4 La soluci\u00f3n audio t\u00e1ctil inclusiva 360\u00b0","og_description":"La soluci\u00f3n audio t\u00e1ctil completa 360\u00b0 para mejorar y hacer accesibles las experiencias en vivo, conciertos, gaming\/VR y cine.","og_url":"https:\/\/www.timmpi.com\/es\/shop\/immersive-live-es\/fw5-4\/","og_site_name":"TiMMPi","article_publisher":"http:\/\/www.facebook.com\/timmpiofficial","article_modified_time":"2025-10-22T12:47:47+00:00","og_image":[{"width":1200,"height":1200,"url":"https:\/\/www.timmpi.com\/wp-content\/uploads\/W5.3-3.png","type":"image\/png"}],"twitter_card":"summary_large_image","twitter_site":"@timmpi","twitter_misc":{"Precio":"","Disponibilidad":"Disponible"},"schema":{"@context":"https:\/\/schema.org","@graph":[{"@type":"WebPage","@id":"https:\/\/www.timmpi.com\/es\/shop\/immersive-live-es\/fw5-4\/","url":"https:\/\/www.timmpi.com\/es\/shop\/immersive-live-es\/fw5-4\/","name":"Immersive Live FW5.4, versi\u00f3n Woojer Live Series 4","isPartOf":{"@id":"https:\/\/www.timmpi.com\/es\/#website"},"primaryImageOfPage":{"@id":"https:\/\/www.timmpi.com\/es\/shop\/immersive-live-es\/fw5-4\/#primaryimage"},"image":{"@id":"https:\/\/www.timmpi.com\/es\/shop\/immersive-live-es\/fw5-4\/#primaryimage"},"thumbnailUrl":"https:\/\/www.timmpi.com\/wp-content\/uploads\/W5.3-3.png","datePublished":"2023-01-11T18:26:37+00:00","dateModified":"2025-10-22T12:47:47+00:00","description":"La soluci\u00f3n audio t\u00e1ctil completa 360\u00b0 para mejorar y hacer accesibles las experiencias en vivo, conciertos, gaming\/VR y cine.","breadcrumb":{"@id":"https:\/\/www.timmpi.com\/es\/shop\/immersive-live-es\/fw5-4\/#breadcrumb"},"inLanguage":"es","potentialAction":[{"@type":"ReadAction","target":["https:\/\/www.timmpi.com\/es\/shop\/immersive-live-es\/fw5-4\/"]}]},{"@type":"ImageObject","inLanguage":"es","@id":"https:\/\/www.timmpi.com\/es\/shop\/immersive-live-es\/fw5-4\/#primaryimage","url":"https:\/\/www.timmpi.com\/wp-content\/uploads\/W5.3-3.png","contentUrl":"https:\/\/www.timmpi.com\/wp-content\/uploads\/W5.3-3.png","width":1200,"height":1200},{"@type":"BreadcrumbList","@id":"https:\/\/www.timmpi.com\/es\/shop\/immersive-live-es\/fw5-4\/#breadcrumb","itemListElement":[{"@type":"ListItem","position":1,"name":"Home","item":"https:\/\/www.timmpi.com\/es\/"},{"@type":"ListItem","position":2,"name":"Abrir el camino para una nueva experiencia sonora y hacer la cultura musical inclusiva para todos","item":"https:\/\/www.timmpi.com\/es\/tienda\/"},{"@type":"ListItem","position":3,"name":"Immersive Live","item":"https:\/\/www.timmpi.com\/es\/products\/immersive-live-es\/"},{"@type":"ListItem","position":4,"name":"Immersive Live FW5.4 &#8211; versi\u00f3n Woojer Live Series 4 La soluci\u00f3n audio t\u00e1ctil inclusiva 360\u00b0"}]},{"@type":"WebSite","@id":"https:\/\/www.timmpi.com\/es\/#website","url":"https:\/\/www.timmpi.com\/es\/","name":"TiMMPi","description":"Make your sound experience unique","publisher":{"@id":"https:\/\/www.timmpi.com\/es\/#organization"},"potentialAction":[{"@type":"SearchAction","target":{"@type":"EntryPoint","urlTemplate":"https:\/\/www.timmpi.com\/es\/?s={search_term_string}"},"query-input":{"@type":"PropertyValueSpecification","valueRequired":true,"valueName":"search_term_string"}}],"inLanguage":"es"},{"@type":"Organization","@id":"https:\/\/www.timmpi.com\/es\/#organization","name":"Timmpi","url":"https:\/\/www.timmpi.com\/es\/","logo":{"@type":"ImageObject","inLanguage":"es","@id":"https:\/\/www.timmpi.com\/es\/#\/schema\/logo\/image\/","url":"","contentUrl":"","caption":"Timmpi"},"image":{"@id":"https:\/\/www.timmpi.com\/es\/#\/schema\/logo\/image\/"},"sameAs":["http:\/\/www.facebook.com\/timmpiofficial","https:\/\/x.com\/timmpi","https:\/\/www.instagram.com\/timmpi_","https:\/\/www.linkedin.com\/company\/timmpi","https:\/\/www.youtube.com\/user\/TimmpiOfficial"]}]},"product_price_amount":"0.00","product_price_currency":"EUR","og_availability":"instock","product_availability":"instock","product_condition":"new"},"_links":{"self":[{"href":"https:\/\/www.timmpi.com\/es\/wp-json\/wp\/v2\/product\/342207","targetHints":{"allow":["GET"]}}],"collection":[{"href":"https:\/\/www.timmpi.com\/es\/wp-json\/wp\/v2\/product"}],"about":[{"href":"https:\/\/www.timmpi.com\/es\/wp-json\/wp\/v2\/types\/product"}],"replies":[{"embeddable":true,"href":"https:\/\/www.timmpi.com\/es\/wp-json\/wp\/v2\/comments?post=342207"}],"wp:featuredmedia":[{"embeddable":true,"href":"https:\/\/www.timmpi.com\/es\/wp-json\/wp\/v2\/media\/342520"}],"wp:attachment":[{"href":"https:\/\/www.timmpi.com\/es\/wp-json\/wp\/v2\/media?parent=342207"}],"wp:term":[{"taxonomy":"product_brand","embeddable":true,"href":"https:\/\/www.timmpi.com\/es\/wp-json\/wp\/v2\/product_brand?post=342207"},{"taxonomy":"product_cat","embeddable":true,"href":"https:\/\/www.timmpi.com\/es\/wp-json\/wp\/v2\/product_cat?post=342207"},{"taxonomy":"product_tag","embeddable":true,"href":"https:\/\/www.timmpi.com\/es\/wp-json\/wp\/v2\/product_tag?post=342207"}],"curies":[{"name":"wp","href":"https:\/\/api.w.org\/{rel}","templated":true}]}}